{"id":2539,"date":"2022-10-24T05:26:41","date_gmt":"2022-10-24T10:26:41","guid":{"rendered":"https:\/\/eduardopineros.com\/?page_id=2539"},"modified":"2022-12-17T08:02:53","modified_gmt":"2022-12-17T13:02:53","slug":"servicios","status":"publish","type":"page","link":"https:\/\/eduardopineros.com\/index.php\/servicios\/","title":{"rendered":"Servicios"},"content":{"rendered":"<p>[et_pb_section fb_built=\u00bb1&#8243; admin_label=\u00bbHeader\u00bb _builder_version=\u00bb4.18.0&#8243; background_image=\u00bbhttps:\/\/eduardopineros.com\/wp-content\/uploads\/2022\/10\/BANNER_02.png\u00bb max_width=\u00bb100%\u00bb module_alignment=\u00bbcenter\u00bb min_height=\u00bb100%\u00bb height=\u00bb525px\u00bb max_height=\u00bb100%\u00bb bottom_divider_color=\u00bb#BDC0BC\u00bb bottom_divider_height=\u00bb250px\u00bb bottom_divider_flip=\u00bbhorizontal\u00bb background_last_edited=\u00bbon|desktop\u00bb background_image_tablet=\u00bbhttps:\/\/eduardopineros.com\/wp-content\/uploads\/2022\/10\/BANNER_02.png\u00bb background_image_phone=\u00bbhttps:\/\/eduardopineros.com\/wp-content\/uploads\/2022\/10\/BANNER_04.png\u00bb background_enable_image_tablet=\u00bbon\u00bb background_enable_image_phone=\u00bbon\u00bb parallax_phone=\u00bboff\u00bb background_size_phone=\u00bbcover\u00bb background_image_width_phone=\u00bb400px\u00bb background_image_height_phone=\u00bb200px\u00bb saved_tabs=\u00bball\u00bb global_colors_info=\u00bb{}\u00bb][et_pb_row _builder_version=\u00bb4.18.0&#8243; background_enable_image=\u00bboff\u00bb global_colors_info=\u00bb{}\u00bb][et_pb_column type=\u00bb4_4&#8243; _builder_version=\u00bb4.16&#8243; custom_padding=\u00bb|||\u00bb global_colors_info=\u00bb{}\u00bb custom_padding__hover=\u00bb|||\u00bb][et_pb_image src=\u00bbhttps:\/\/eduardopineros.com\/wp-content\/uploads\/2022\/11\/Eslogan_en_blanco.png\u00bb title_text=\u00bbEslogan_en_blanco\u00bb src_tablet=\u00bbhttps:\/\/eduardopineros.com\/wp-content\/uploads\/2022\/11\/Eslogan_en_blanco.png\u00bb src_phone=\u00bbhttps:\/\/eduardopineros.com\/wp-content\/uploads\/2022\/11\/Eslogan_en_blanco.png\u00bb src_last_edited=\u00bbon|desktop\u00bb disabled_on=\u00bboff|off|off\u00bb _builder_version=\u00bb4.18.0&#8243; _module_preset=\u00bbdefault\u00bb transform_scale=\u00bb72%|72%\u00bb transform_scale_tablet=\u00bb72%|72%\u00bb transform_scale_phone=\u00bb88%|88%\u00bb transform_scale_last_edited=\u00bbon|phone\u00bb transform_translate=\u00bb-185px|49px\u00bb transform_translate_tablet=\u00bb-185px|49px\u00bb transform_translate_phone=\u00bb-45px|4px\u00bb transform_translate_last_edited=\u00bbon|phone\u00bb transform_translate_linked_phone=\u00bboff\u00bb transform_rotate_tablet=\u00bb\u00bb transform_rotate_phone=\u00bb\u00bb transform_rotate_last_edited=\u00bbon|phone\u00bb transform_skew_tablet=\u00bb\u00bb transform_skew_phone=\u00bb\u00bb transform_skew_last_edited=\u00bbon|phone\u00bb transform_origin_tablet=\u00bb\u00bb transform_origin_phone=\u00bb\u00bb transform_origin_last_edited=\u00bbon|phone\u00bb transform_styles_last_edited=\u00bbon|phone\u00bb transform_styles_tablet=\u00bb\u00bb transform_styles_phone=\u00bb\u00bb global_colors_info=\u00bb{}\u00bb][\/et_pb_image][\/et_pb_column][\/et_pb_row][\/et_pb_section][et_pb_section fb_built=\u00bb1&#8243; custom_padding_last_edited=\u00bboff|desktop\u00bb admin_label=\u00bbGet Started\u00bb _builder_version=\u00bb4.18.0&#8243; background_image=\u00bbhttps:\/\/eduardopineros.com\/wp-content\/uploads\/2022\/10\/fondo_ep.png\u00bb parallax=\u00bbon\u00bb parallax_method=\u00bboff\u00bb custom_padding=\u00bb|||\u00bb custom_padding_tablet=\u00bb0px||0px|0px\u00bb custom_padding_phone=\u00bb|||\u00bb bottom_divider_style=\u00bbramp\u00bb bottom_divider_color=\u00bb#ffffff\u00bb bottom_divider_height=\u00bb250px\u00bb bottom_divider_height_tablet=\u00bb150px\u00bb bottom_divider_height_phone=\u00bb110px\u00bb bottom_divider_height_last_edited=\u00bbon|phone\u00bb background_last_edited=\u00bbon|desktop\u00bb parallax_tablet=\u00bbon\u00bb parallax_phone=\u00bbon\u00bb parallax_method_phone=\u00bboff\u00bb global_colors_info=\u00bb{}\u00bb][et_pb_row use_custom_gutter=\u00bbon\u00bb gutter_width=\u00bb2&#8243; _builder_version=\u00bb4.18.0&#8243; max_width=\u00bb1700px\u00bb module_alignment=\u00bbcenter\u00bb custom_margin=\u00bb|||\u00bb custom_padding=\u00bb0px|||\u00bb use_custom_width=\u00bbon\u00bb custom_width_px=\u00bb1700px\u00bb global_colors_info=\u00bb{}\u00bb][et_pb_column type=\u00bb4_4&#8243; _builder_version=\u00bb4.18.0&#8243; _module_preset=\u00bbdefault\u00bb global_colors_info=\u00bb{}\u00bb][et_pb_text _builder_version=\u00bb4.18.0&#8243; text_font_size=\u00bb16px\u00bb text_line_height=\u00bb2em\u00bb ul_font=\u00bb||||||||\u00bb header_font=\u00bb||||||||\u00bb header_2_font=\u00bbRoboto|700|||||||\u00bb header_2_font_size=\u00bb45px\u00bb header_2_line_height=\u00bb1.2em\u00bb header_3_font=\u00bb||||||||\u00bb max_width=\u00bb800px\u00bb max_width_last_edited=\u00bboff|desktop\u00bb custom_margin=\u00bb|||\u00bb custom_padding=\u00bb|||\u00bb header_2_font_size_tablet=\u00bb35px\u00bb header_2_font_size_phone=\u00bb28px\u00bb header_2_font_size_last_edited=\u00bbon|desktop\u00bb inline_fonts=\u00bbAltoneTrial-Regular,AltoneTrial-Bold\u00bb global_colors_info=\u00bb{}\u00bb]<\/p>\n<h1 style=\"text-align: center;\"><span style=\"color: #111f36; font-family: AltoneTrial-Bold;\">MIS SERVICIOS<\/span><\/h1>\n<p>[\/et_pb_text][\/et_pb_column][\/et_pb_row][et_pb_row disabled_on=\u00bboff|off|off\u00bb _builder_version=\u00bb4.18.0&#8243; _module_preset=\u00bbdefault\u00bb global_colors_info=\u00bb{}\u00bb][et_pb_column type=\u00bb4_4&#8243; _builder_version=\u00bb4.18.0&#8243; _module_preset=\u00bbdefault\u00bb global_colors_info=\u00bb{}\u00bb][et_pb_text _builder_version=\u00bb4.18.0&#8243; _module_preset=\u00bbdefault\u00bb text_font=\u00bbGeliat-Medium||||||||\u00bb inline_fonts=\u00bbAltoneTrial-Regular,AltoneTrial-BoldOblique,Geliat-Medium\u00bb global_colors_info=\u00bb{}\u00bb]<\/p>\n<p style=\"text-align: left;\"><span style=\"font-family: Geliat-Medium; font-weight: normal; font-size: large; color: #111f36;\">Muchas personas y organizaciones enfrentan obst\u00e1culos en las \u00e1reas de asuntos p\u00fablicos y pol\u00edticos para cumplir con sus prop\u00f3sitos y misiones. A trav\u00e9s de los siguientes servicios quiero guiarlas para que materialicen las contribuciones que quieren aportar a Colombia y el mundo.<\/span><\/p>\n<p>[\/et_pb_text][\/et_pb_column][\/et_pb_row][et_pb_row _builder_version=\u00bb4.18.0&#8243; _module_preset=\u00bbdefault\u00bb custom_margin=\u00bb28px||||false|false\u00bb global_colors_info=\u00bb{}\u00bb][et_pb_column type=\u00bb4_4&#8243; _builder_version=\u00bb4.18.0&#8243; _module_preset=\u00bbdefault\u00bb global_colors_info=\u00bb{}\u00bb][et_pb_text _builder_version=\u00bb4.18.0&#8243; _module_preset=\u00bbdefault\u00bb inline_fonts=\u00bbAltoneTrial-Regular,AltoneTrial-Bold,AltoneTrial-BoldOblique,Arial,Geliat-Medium\u00bb global_colors_info=\u00bb{}\u00bb]<\/p>\n<h1 style=\"text-align: center;\"><span style=\"color: #d95a19; font-family: AltoneTrial-Bold; font-weight: normal; font-size: x-large;\"><strong>MONITOREO LEGISLATIVO Y REGULATORIO<\/strong><\/span><\/h1>\n<ul>\n<li style=\"text-align: left;\"><span style=\"color: #111f36; font-family: Geliat-Medium; font-weight: normal; font-size: large;\">Env\u00edo de la Agenda Legislativa con los Proyectos de Ley y los debates de control pol\u00edtico de inter\u00e9s que se discuten semanalmente en el Congreso de la Rep\u00fablica.<\/span><\/li>\n<li style=\"text-align: left;\"><span style=\"font-family: Geliat-Medium; font-weight: normal;\"><span style=\"color: #111f36; font-size: large;\">Monitoreo a Proyecto de Ley y de Acto Legislativo radicados en el Congreso de la Rep\u00fablica.<\/span><span style=\"color: #111f36; font-size: large;\"><\/span><\/span><\/li>\n<li style=\"text-align: left;\"><span style=\"color: #111f36; font-family: Geliat-Medium; font-weight: normal; font-size: large;\">Informes sobre debates de control pol\u00edtico y audiencias p\u00fablicas realizados en el Congreso de la Rep\u00fablica.<\/span><\/li>\n<li style=\"text-align: left;\"><span style=\"color: #111f36; font-family: Geliat-Medium; font-weight: normal; font-size: large;\">Monitoreo a Proyectos de Acuerdo radicados en el Concejo de Bogot\u00e1.<\/span><\/li>\n<li style=\"text-align: left;\"><span style=\"font-family: Geliat-Medium; font-weight: normal;\">\u00a0<span style=\"color: #111f36; font-size: large;\">Informes sobre debates de control pol\u00edtico y audiencias p\u00fablicas realizadas en el Concejo de Bogot\u00e1.<\/span><\/span><br \/><span style=\"color: #111f36; font-family: AltoneTrial-Regular; font-weight: normal; font-size: large;\"><\/span><\/li>\n<\/ul>\n<p>[\/et_pb_text][\/et_pb_column][\/et_pb_row][et_pb_row _builder_version=\u00bb4.18.0&#8243; _module_preset=\u00bbdefault\u00bb custom_margin=\u00bb28px||||false|false\u00bb global_colors_info=\u00bb{}\u00bb][et_pb_column type=\u00bb4_4&#8243; _builder_version=\u00bb4.18.0&#8243; _module_preset=\u00bbdefault\u00bb global_colors_info=\u00bb{}\u00bb][et_pb_text _builder_version=\u00bb4.18.0&#8243; _module_preset=\u00bbdefault\u00bb hover_enabled=\u00bb0&#8243; inline_fonts=\u00bbAltoneTrial-Regular,AltoneTrial-Bold,AltoneTrial-BoldOblique,Arial,Geliat-Medium\u00bb global_colors_info=\u00bb{}\u00bb sticky_enabled=\u00bb0&#8243;]<\/p>\n<h1 style=\"text-align: center;\"><strong><span style=\"color: #d95a19; font-family: AltoneTrial-Bold; font-size: x-large;\">ASESOR\u00cdA Y AN\u00c1LISIS POL\u00cdTICO, SOCIAL Y ECON\u00d3MICO<\/span><\/strong><\/h1>\n<ul>\n<li style=\"text-align: left;\"><span style=\"font-family: Geliat-Medium; font-weight: normal; font-size: large; color: #111f36;\">Informes sobre la coyuntura pol\u00edtica, social y econ\u00f3mica de Bogot\u00e1 y Colombia.<\/span><\/li>\n<li style=\"text-align: left;\"><span style=\"font-family: Geliat-Medium; font-weight: normal; font-size: large; color: #111f36;\">Asesor\u00eda sobre asuntos pol\u00edticos y electorales.<\/span><\/li>\n<li style=\"text-align: left;\"><span style=\"font-family: Geliat-Medium; font-weight: normal; font-size: large; color: #111f36;\">Redacci\u00f3n de discursos.<\/span><\/li>\n<\/ul>\n<p><span style=\"font-family: AltoneTrial-Regular; font-weight: normal;\"><\/span><\/p>\n<p>[\/et_pb_text][\/et_pb_column][\/et_pb_row][et_pb_row column_structure=\u00bb1_2,1_2&#8243; _builder_version=\u00bb4.18.0&#8243; _module_preset=\u00bbdefault\u00bb background_image=\u00bbhttps:\/\/eduardopineros.com\/wp-content\/uploads\/2022\/10\/OBJ_01.png\u00bb background_size=\u00bbcustom\u00bb background_image_width=\u00bb38%\u00bb background_position=\u00bbbottom_right\u00bb background_horizontal_offset=\u00bb1%\u00bb background_vertical_offset=\u00bb100%\u00bb custom_margin=\u00bb0px||||false|false\u00bb background_last_edited=\u00bbon|desktop\u00bb background_enable_image_tablet=\u00bboff\u00bb global_colors_info=\u00bb{}\u00bb][et_pb_column type=\u00bb1_2&#8243; _builder_version=\u00bb4.18.0&#8243; _module_preset=\u00bbdefault\u00bb global_colors_info=\u00bb{}\u00bb][et_pb_text _builder_version=\u00bb4.18.0&#8243; _module_preset=\u00bbdefault\u00bb inline_fonts=\u00bbAltoneTrial-Regular,AltoneTrial-Bold,AltoneTrial-BoldOblique,Arial,Geliat-Medium\u00bb global_colors_info=\u00bb{}\u00bb]<\/p>\n<h1 style=\"text-align: center;\"><span style=\"color: #d95a19; font-family: AltoneTrial-Bold; font-weight: normal; font-size: x-large;\"><strong>INVESTIGACI\u00d3N, DISE\u00d1O Y AN\u00c1LISIS DE POL\u00cdTICAS P\u00daBLICAS<\/strong><\/span><\/h1>\n<ul>\n<li style=\"text-align: left;\"><span style=\"font-size: large; text-align: left; font-family: Geliat-Medium; font-weight: normal; color: #111f36;\">Redacci\u00f3n y an\u00e1lisis de Proyectos de Ley y de Acto Legislativo.<\/span><\/li>\n<li style=\"text-align: left;\"><span style=\"font-family: Geliat-Medium; font-weight: normal; color: #111f36; font-size: large;\">Dise\u00f1o de Programas de Gobierno.<\/span><\/li>\n<\/ul>\n<p>&nbsp;<\/p>\n<h1 style=\"text-align: center;\"><strong><span style=\"color: #d95a19; font-family: AltoneTrial-Bold; font-size: x-large;\">SEGUIMIENTO A PRENSA NACIONAL Y REDES SOCIALES<\/span><\/strong><\/h1>\n<ul>\n<li style=\"text-align: left;\"><span style=\"font-family: Geliat-Medium; color: #111f36; font-weight: normal; font-size: large;\">Reportes sobre las noticias pol\u00edticas m\u00e1s relevantes de Colombia.<\/span><\/li>\n<\/ul>\n<p>[\/et_pb_text][\/et_pb_column][et_pb_column type=\u00bb1_2&#8243; _builder_version=\u00bb4.18.0&#8243; _module_preset=\u00bbdefault\u00bb global_colors_info=\u00bb{}\u00bb][\/et_pb_column][\/et_pb_row][\/et_pb_section]<\/p>\n","protected":false},"excerpt":{"rendered":"<p>MIS SERVICIOSMuchas personas y organizaciones enfrentan obst\u00e1culos en las \u00e1reas de asuntos p\u00fablicos y pol\u00edticos para cumplir con sus prop\u00f3sitos y misiones. A trav\u00e9s de los siguientes servicios quiero guiarlas para que materialicen las contribuciones que quieren aportar a Colombia y el mundo.MONITOREO LEGISLATIVO Y REGULATORIO Env\u00edo de la Agenda Legislativa con los Proyectos de [&hellip;]<\/p>\n","protected":false},"author":1,"featured_media":0,"parent":0,"menu_order":0,"comment_status":"closed","ping_status":"closed","template":"","meta":{"_et_pb_use_builder":"on","_et_pb_old_content":"","_et_gb_content_width":"","footnotes":""},"_links":{"self":[{"href":"https:\/\/eduardopineros.com\/index.php\/wp-json\/wp\/v2\/pages\/2539"}],"collection":[{"href":"https:\/\/eduardopineros.com\/index.php\/wp-json\/wp\/v2\/pages"}],"about":[{"href":"https:\/\/eduardopineros.com\/index.php\/wp-json\/wp\/v2\/types\/page"}],"author":[{"embeddable":true,"href":"https:\/\/eduardopineros.com\/index.php\/wp-json\/wp\/v2\/users\/1"}],"replies":[{"embeddable":true,"href":"https:\/\/eduardopineros.com\/index.php\/wp-json\/wp\/v2\/comments?post=2539"}],"version-history":[{"count":28,"href":"https:\/\/eduardopineros.com\/index.php\/wp-json\/wp\/v2\/pages\/2539\/revisions"}],"predecessor-version":[{"id":2885,"href":"https:\/\/eduardopineros.com\/index.php\/wp-json\/wp\/v2\/pages\/2539\/revisions\/2885"}],"wp:attachment":[{"href":"https:\/\/eduardopineros.com\/index.php\/wp-json\/wp\/v2\/media?parent=2539"}],"curies":[{"name":"wp","href":"https:\/\/api.w.org\/{rel}","templated":true}]}}