{"id":2532,"date":"2022-10-24T05:24:18","date_gmt":"2022-10-24T10:24:18","guid":{"rendered":"https:\/\/eduardopineros.com\/?page_id=2532"},"modified":"2022-11-29T14:27:04","modified_gmt":"2022-11-29T19:27:04","slug":"quien-soy","status":"publish","type":"page","link":"https:\/\/eduardopineros.com\/index.php\/quien-soy\/","title":{"rendered":"Qui\u00e9n soy"},"content":{"rendered":"<p>[et_pb_section fb_built=\u00bb1&#8243; admin_label=\u00bbHeader\u00bb _builder_version=\u00bb4.18.0&#8243; background_image=\u00bbhttps:\/\/eduardopineros.com\/wp-content\/uploads\/2022\/10\/BANNER_05.png\u00bb max_width=\u00bb100%\u00bb module_alignment=\u00bbcenter\u00bb min_height=\u00bb100%\u00bb height=\u00bb525px\u00bb max_height=\u00bb100%\u00bb bottom_divider_color=\u00bb#BDC0BC\u00bb bottom_divider_height=\u00bb250px\u00bb bottom_divider_flip=\u00bbhorizontal\u00bb background_last_edited=\u00bbon|phone\u00bb background_image_tablet=\u00bbhttps:\/\/eduardopineros.com\/wp-content\/uploads\/2022\/10\/BANNER_05.png\u00bb background_image_phone=\u00bbhttps:\/\/eduardopineros.com\/wp-content\/uploads\/2022\/10\/BANNER_06.png\u00bb background_enable_image_tablet=\u00bbon\u00bb background_enable_image_phone=\u00bbon\u00bb parallax_phone=\u00bboff\u00bb background_size_phone=\u00bbcover\u00bb background_image_width_phone=\u00bb400px\u00bb background_image_height_phone=\u00bb200px\u00bb saved_tabs=\u00bball\u00bb global_colors_info=\u00bb{}\u00bb][et_pb_row _builder_version=\u00bb4.18.0&#8243; background_enable_image=\u00bboff\u00bb global_colors_info=\u00bb{}\u00bb][et_pb_column type=\u00bb4_4&#8243; _builder_version=\u00bb4.16&#8243; custom_padding=\u00bb|||\u00bb global_colors_info=\u00bb{}\u00bb custom_padding__hover=\u00bb|||\u00bb][et_pb_image src=\u00bbhttps:\/\/eduardopineros.com\/wp-content\/uploads\/2022\/11\/Eslogan_en_blanco.png\u00bb title_text=\u00bbEslogan_en_blanco\u00bb src_tablet=\u00bbhttps:\/\/eduardopineros.com\/wp-content\/uploads\/2022\/11\/Eslogan_en_blanco.png\u00bb src_phone=\u00bbhttps:\/\/eduardopineros.com\/wp-content\/uploads\/2022\/11\/Eslogan_en_blanco.png\u00bb src_last_edited=\u00bbon|phone\u00bb disabled_on=\u00bboff|off|off\u00bb _builder_version=\u00bb4.18.0&#8243; _module_preset=\u00bbdefault\u00bb transform_scale=\u00bb72%|72%\u00bb transform_scale_tablet=\u00bb72%|72%\u00bb transform_scale_phone=\u00bb88%|88%\u00bb transform_scale_last_edited=\u00bbon|phone\u00bb transform_translate=\u00bb-185px|49px\u00bb transform_translate_tablet=\u00bb-185px|49px\u00bb transform_translate_phone=\u00bb-45px|4px\u00bb transform_translate_last_edited=\u00bbon|phone\u00bb transform_translate_linked_phone=\u00bboff\u00bb transform_rotate_tablet=\u00bb\u00bb transform_rotate_phone=\u00bb\u00bb transform_rotate_last_edited=\u00bbon|phone\u00bb transform_skew_tablet=\u00bb\u00bb transform_skew_phone=\u00bb\u00bb transform_skew_last_edited=\u00bbon|phone\u00bb transform_origin_tablet=\u00bb\u00bb transform_origin_phone=\u00bb\u00bb transform_origin_last_edited=\u00bbon|phone\u00bb transform_styles_last_edited=\u00bbon|phone\u00bb transform_styles_tablet=\u00bb\u00bb transform_styles_phone=\u00bb\u00bb global_colors_info=\u00bb{}\u00bb][\/et_pb_image][\/et_pb_column][\/et_pb_row][\/et_pb_section][et_pb_section fb_built=\u00bb1&#8243; custom_padding_last_edited=\u00bboff|desktop\u00bb admin_label=\u00bbGet Started\u00bb _builder_version=\u00bb4.18.0&#8243; background_image=\u00bbhttps:\/\/eduardopineros.com\/wp-content\/uploads\/2022\/10\/fondo_ep.png\u00bb parallax=\u00bbon\u00bb parallax_method=\u00bboff\u00bb custom_padding=\u00bb|||\u00bb custom_padding_tablet=\u00bb0px||0px|0px\u00bb custom_padding_phone=\u00bb|||\u00bb bottom_divider_style=\u00bbramp\u00bb bottom_divider_color=\u00bb#ffffff\u00bb bottom_divider_height=\u00bb250px\u00bb bottom_divider_height_tablet=\u00bb150px\u00bb bottom_divider_height_phone=\u00bb110px\u00bb bottom_divider_height_last_edited=\u00bbon|phone\u00bb background_last_edited=\u00bbon|desktop\u00bb parallax_tablet=\u00bbon\u00bb parallax_phone=\u00bbon\u00bb parallax_method_phone=\u00bboff\u00bb global_colors_info=\u00bb{}\u00bb][et_pb_row use_custom_gutter=\u00bbon\u00bb gutter_width=\u00bb2&#8243; _builder_version=\u00bb4.18.0&#8243; max_width=\u00bb1700px\u00bb module_alignment=\u00bbcenter\u00bb custom_margin=\u00bb|||\u00bb custom_padding=\u00bb0px|||\u00bb use_custom_width=\u00bbon\u00bb custom_width_px=\u00bb1700px\u00bb global_colors_info=\u00bb{}\u00bb][et_pb_column type=\u00bb4_4&#8243; _builder_version=\u00bb4.18.0&#8243; _module_preset=\u00bbdefault\u00bb global_colors_info=\u00bb{}\u00bb][et_pb_text _builder_version=\u00bb4.18.0&#8243; text_font_size=\u00bb16px\u00bb text_line_height=\u00bb2em\u00bb ul_font=\u00bb||||||||\u00bb header_font=\u00bb||||||||\u00bb header_2_font=\u00bbRoboto|700|||||||\u00bb header_2_font_size=\u00bb45px\u00bb header_2_line_height=\u00bb1.2em\u00bb header_3_font=\u00bb||||||||\u00bb max_width=\u00bb800px\u00bb max_width_last_edited=\u00bboff|desktop\u00bb custom_margin=\u00bb|||\u00bb custom_padding=\u00bb|||\u00bb header_2_font_size_tablet=\u00bb35px\u00bb header_2_font_size_phone=\u00bb28px\u00bb header_2_font_size_last_edited=\u00bbon|desktop\u00bb inline_fonts=\u00bbAltoneTrial-Regular,AltoneTrial-Bold\u00bb global_colors_info=\u00bb{}\u00bb]<\/p>\n<h1 style=\"text-align: center;\"><span style=\"color: #111f36; font-family: AltoneTrial-Bold;\">\u00bfQUI\u00c9N SOY?<\/span><\/h1>\n<h1 style=\"text-align: center;\"><span style=\"color: #d95a19; font-family: AltoneTrial-Bold; font-weight: normal;\">MI PROP\u00d3SITO Y MIS PRINCIPIOS<\/span><\/h1>\n<p>[\/et_pb_text][\/et_pb_column][\/et_pb_row][et_pb_row column_structure=\u00bb1_2,1_2&#8243; _builder_version=\u00bb4.18.0&#8243; _module_preset=\u00bbdefault\u00bb global_colors_info=\u00bb{}\u00bb][et_pb_column type=\u00bb1_2&#8243; _builder_version=\u00bb4.18.0&#8243; _module_preset=\u00bbdefault\u00bb global_colors_info=\u00bb{}\u00bb][et_pb_image src=\u00bbhttps:\/\/eduardopineros.com\/wp-content\/uploads\/2022\/10\/FOTO_01.png\u00bb title_text=\u00bbFOTO_01&#8243; show_bottom_space=\u00bboff\u00bb _builder_version=\u00bb4.18.0&#8243; _module_preset=\u00bbdefault\u00bb transform_scale=\u00bb116%|116%\u00bb width=\u00bb61%\u00bb module_alignment=\u00bbcenter\u00bb custom_margin=\u00bb-64px||||false|false\u00bb global_colors_info=\u00bb{}\u00bb][\/et_pb_image][\/et_pb_column][et_pb_column type=\u00bb1_2&#8243; _builder_version=\u00bb4.18.0&#8243; _module_preset=\u00bbdefault\u00bb global_colors_info=\u00bb{}\u00bb][et_pb_text _builder_version=\u00bb4.18.0&#8243; _module_preset=\u00bbdefault\u00bb hover_enabled=\u00bb0&#8243; inline_fonts=\u00bbAltoneTrial-Regular,Geliat-Medium\u00bb global_colors_info=\u00bb{}\u00bb text_font=\u00bbGeliat-Medium||||||||\u00bb sticky_enabled=\u00bb0&#8243;]<\/p>\n<p style=\"text-align: left;\"><span style=\"font-family: Geliat-Medium; font-weight: normal; font-size: large; color: #111f36;\">Desde peque\u00f1o naci\u00f3 mi pasi\u00f3n por la pol\u00edtica. Por mucho tiempo vi a la pol\u00edtica como un camino para cumplir con aspiraciones meramente personales.<\/span><\/p>\n<p style=\"text-align: left;\"><span style=\"font-family: Geliat-Medium; font-weight: normal; font-size: large; color: #111f36;\">Gracias a diferentes experiencias y aprendizajes de vida, entend\u00ed que la pol\u00edtica es la principal herramienta para lograr grandes cambios sociales y colectivos.<\/span><\/p>\n<p style=\"text-align: left;\"><span style=\"font-family: Geliat-Medium; font-weight: normal; font-size: large; color: #111f36;\">Mis aspiraciones personales se transformaron en una misi\u00f3n: ayudar a construir un mundo justo y de oportunidades para todos.<\/span><\/p>\n<p>[\/et_pb_text][\/et_pb_column][\/et_pb_row][et_pb_row _builder_version=\u00bb4.18.0&#8243; _module_preset=\u00bbdefault\u00bb global_colors_info=\u00bb{}\u00bb][et_pb_column type=\u00bb4_4&#8243; _builder_version=\u00bb4.18.0&#8243; _module_preset=\u00bbdefault\u00bb global_colors_info=\u00bb{}\u00bb][et_pb_text _builder_version=\u00bb4.18.0&#8243; _module_preset=\u00bbdefault\u00bb hover_enabled=\u00bb0&#8243; inline_fonts=\u00bbAltoneTrial-Regular,AltoneTrial-BoldOblique,Geliat-Medium\u00bb global_colors_info=\u00bb{}\u00bb text_font=\u00bbGeliat-Medium||||||||\u00bb sticky_enabled=\u00bb0&#8243;]<\/p>\n<p style=\"text-align: left;\"><span style=\"color: #111f36; font-family: Geliat-Medium; font-weight: normal; font-size: large;\">En este camino me he enfrentado con obst\u00e1culos que me han hecho cuestionar mis ideales y decisiones de vida. Desde nacer en una familia desconfiada de la pol\u00edtica hasta renunciar a mi trabajo para perseguir mis sue\u00f1os, he tenido que desafiar paradigmas y asumir sacrificios para avanzar en el camino.<\/span><\/p>\n<p style=\"text-align: left;\"><span style=\"font-family: Geliat-Medium;\"><span style=\"color: #111f36; font-weight: normal; font-size: large;\">\u00a0<\/span><span style=\"color: #111f36; font-weight: normal; font-size: large;\">Hoy me dedico a participar activamente en los asuntos p\u00fablicos y pol\u00edticos de Colombia con el fin de motivar a personas y organizaciones a involucrarse en problemas y debates de inter\u00e9s general para que, juntos, logremos los cambios que so\u00f1amos para nuestro pa\u00eds.<\/span><\/span><\/p>\n<p style=\"text-align: left;\"><span style=\"color: #111f36; font-family: Geliat-Medium; font-weight: normal; font-size: large;\">Mi prop\u00f3sito es servir de gu\u00eda a las personas y las organizaciones que est\u00e1n recorriendo el camino hacia su mundo so\u00f1ado. Comparto mis experiencias de vida y mis conocimientos para ayudarlas a superar los obst\u00e1culos y se\u00f1alarles el mejor camino a seguir.<\/span><\/p>\n<p>[\/et_pb_text][\/et_pb_column][\/et_pb_row][et_pb_row _builder_version=\u00bb4.18.0&#8243; _module_preset=\u00bbdefault\u00bb custom_margin=\u00bb28px||||false|false\u00bb global_colors_info=\u00bb{}\u00bb][et_pb_column type=\u00bb4_4&#8243; _builder_version=\u00bb4.18.0&#8243; _module_preset=\u00bbdefault\u00bb global_colors_info=\u00bb{}\u00bb][et_pb_text _builder_version=\u00bb4.18.0&#8243; _module_preset=\u00bbdefault\u00bb hover_enabled=\u00bb0&#8243; inline_fonts=\u00bbAltoneTrial-Regular,AltoneTrial-Bold,Geliat-Medium\u00bb global_colors_info=\u00bb{}\u00bb sticky_enabled=\u00bb0&#8243;]<\/p>\n<h1 style=\"text-align: center;\"><span style=\"color: #d95a19; font-family: AltoneTrial-Bold; font-weight: normal;\">PRINCIPIOS:<\/span><\/h1>\n<ul>\n<li style=\"text-align: left;\"><span style=\"font-family: Geliat-Medium; font-weight: normal;\"><span style=\"font-size: large; color: #111f36;\"><span style=\"color: #d95a19;\"><strong>Confianza:<\/strong><\/span> Creo que la mejor forma para que dos o m\u00e1s personas trabajen por un prop\u00f3sito com\u00fan es que construyan confianza entre s\u00ed. Esto implica ser honestos sobre lo que pensamos, empatizar con las otras personas y respetar a quien piensa diferente.\u00a0<\/span><span style=\"font-size: large; color: #111f36;\"><\/span><\/span><span style=\"font-family: Geliat-Medium; font-weight: normal;\"><span style=\"font-size: large; color: #111f36;\"><\/span><\/span><\/li>\n<\/ul>\n<p><span style=\"font-family: Geliat-Medium; font-weight: normal;\"><span style=\"font-size: large; color: #111f36;\"><\/span><\/span><\/p>\n<ul>\n<li style=\"text-align: left;\"><span style=\"font-family: Geliat-Medium; font-weight: normal; font-size: large; color: #111f36;\"><span style=\"color: #d95a19;\"><strong>Transparencia:<\/strong><\/span> Compartir no solo los aciertos, sino los errores y dudas que he experimentado en mi recorrido, ya que hacen parte de lo que somos y nos permiten avanzar en el camino hacia nuestro mundo so\u00f1ado.<\/span><\/li>\n<\/ul>\n<p><span style=\"font-family: Geliat-Medium; font-weight: normal; font-size: large; color: #111f36;\"><\/span><\/p>\n<ul>\n<li style=\"text-align: left;\"><span style=\"font-family: Geliat-Medium; font-weight: normal; font-size: large; color: #111f36;\"><strong><span style=\"color: #d95a19;\">Compromiso:<\/span><\/strong> Dar ejemplo y tomar acciones concretas para aportar a la construcci\u00f3n de una mejor sociedad.<\/span><\/li>\n<\/ul>\n<p>[\/et_pb_text][et_pb_code _builder_version=\u00bb4.18.0&#8243; _module_preset=\u00bbdefault\u00bb global_colors_info=\u00bb{}\u00bb]<iframe loading=\"lazy\" width=\"560\" height=\"315\" src=\"https:\/\/www.youtube.com\/embed\/oddA_uKWhTc\" title=\"YouTube video player\" frameborder=\"0\" allow=\"accelerometer; autoplay; clipboard-write; encrypted-media; gyroscope; picture-in-picture\" allowfullscreen><\/iframe>[\/et_pb_code][\/et_pb_column][\/et_pb_row][\/et_pb_section]<\/p>\n","protected":false},"excerpt":{"rendered":"<p>\u00bfQUI\u00c9N SOY? MI PROP\u00d3SITO Y MIS PRINCIPIOSDesde peque\u00f1o naci\u00f3 mi pasi\u00f3n por la pol\u00edtica. Por mucho tiempo vi a la pol\u00edtica como un camino para cumplir con aspiraciones meramente personales. Gracias a diferentes experiencias y aprendizajes de vida, entend\u00ed que la pol\u00edtica es la principal herramienta para lograr grandes cambios sociales y colectivos. Mis aspiraciones [&hellip;]<\/p>\n","protected":false},"author":1,"featured_media":0,"parent":0,"menu_order":0,"comment_status":"closed","ping_status":"closed","template":"","meta":{"_et_pb_use_builder":"on","_et_pb_old_content":"","_et_gb_content_width":"","footnotes":""},"_links":{"self":[{"href":"https:\/\/eduardopineros.com\/index.php\/wp-json\/wp\/v2\/pages\/2532"}],"collection":[{"href":"https:\/\/eduardopineros.com\/index.php\/wp-json\/wp\/v2\/pages"}],"about":[{"href":"https:\/\/eduardopineros.com\/index.php\/wp-json\/wp\/v2\/types\/page"}],"author":[{"embeddable":true,"href":"https:\/\/eduardopineros.com\/index.php\/wp-json\/wp\/v2\/users\/1"}],"replies":[{"embeddable":true,"href":"https:\/\/eduardopineros.com\/index.php\/wp-json\/wp\/v2\/comments?post=2532"}],"version-history":[{"count":24,"href":"https:\/\/eduardopineros.com\/index.php\/wp-json\/wp\/v2\/pages\/2532\/revisions"}],"predecessor-version":[{"id":2872,"href":"https:\/\/eduardopineros.com\/index.php\/wp-json\/wp\/v2\/pages\/2532\/revisions\/2872"}],"wp:attachment":[{"href":"https:\/\/eduardopineros.com\/index.php\/wp-json\/wp\/v2\/media?parent=2532"}],"curies":[{"name":"wp","href":"https:\/\/api.w.org\/{rel}","templated":true}]}}